{"id":42,"date":"2021-02-16T19:53:38","date_gmt":"2021-02-16T18:53:38","guid":{"rendered":"http:\/\/vsemnet.cz\/?page_id=42"},"modified":"2021-03-16T11:23:46","modified_gmt":"2021-03-16T10:23:46","slug":"cenik","status":"publish","type":"page","link":"http:\/\/vsemnet.cz\/index.php\/cenik\/","title":{"rendered":"Cen\u00edk"},"content":{"rendered":"\n<h2>Cen\u00edk<\/h2>\n\n\n\n<div class=\"wp-block-file\"><a href=\"http:\/\/vsemnet.cz\/wp-content\/uploads\/CENIK-SLUZEB.pdf\">Cen\u00edk slu\u017eeb v PDF<\/a><a href=\"http:\/\/vsemnet.cz\/wp-content\/uploads\/CENIK-SLUZEB.pdf\" class=\"wp-block-file__button\" download>St\u00e1hnout<\/a><\/div>\n\n\n\n<p>Aktu\u00e1ln\u00ed cen\u00edk pevn\u00e9ho bezdr\u00e1tov\u00e9ho p\u0159ipojen\u00ed k internetu platn\u00fd od 1.1.2021:<\/p>\n\n\n\n<figure class=\"wp-block-table aligncenter\"><table><tbody><tr><td><strong>Tarif<\/strong><\/td><td class=\"has-text-align-center\" data-align=\"center\"><strong>Aktivace<\/strong><\/td><td class=\"has-text-align-center\" data-align=\"center\"><strong>Mes\u00ed\u010dn\u00ed poplatek<\/strong><\/td><td class=\"has-text-align-center\" data-align=\"center\"><strong>Rychlost<br>maxim\u00e1ln\u00ed a inzerovan\u00e1<br>stahov\u00e1n\u00ed\/odes\u00edl\u00e1n\u00ed<br>Mbit\/s<\/strong><\/td><td class=\"has-text-align-center\" data-align=\"center\"><strong>Rychlost<br>b\u011b\u017en\u011b dostupn\u00e1<br>stahov\u00e1n\u00ed\/odes\u00edl\u00e1n\u00ed<br>Mbit\/s<\/strong><\/td><td class=\"has-text-align-center\" data-align=\"center\"><strong>Rychlost<br>minim\u00e1ln\u00ed<br>stahov\u00e1n\u00ed\/odes\u00edl\u00e1n\u00ed<br>Mbit\/s<\/strong><\/td><\/tr><tr><td>5G1<\/td><td class=\"has-text-align-center\" data-align=\"center\">2000,- K\u010d<\/td><td class=\"has-text-align-center\" data-align=\"center\">300,- K\u010d<\/td><td class=\"has-text-align-center\" data-align=\"center\">25\/3<\/td><td class=\"has-text-align-center\" data-align=\"center\">15\/2,1<\/td><td class=\"has-text-align-center\" data-align=\"center\">7,5\/0,9<\/td><\/tr><tr><td>5G2<\/td><td class=\"has-text-align-center\" data-align=\"center\">2000,- K\u010d<\/td><td class=\"has-text-align-center\" data-align=\"center\">380,- K\u010d<\/td><td class=\"has-text-align-center\" data-align=\"center\">33\/4<\/td><td class=\"has-text-align-center\" data-align=\"center\">20\/2,4<\/td><td class=\"has-text-align-center\" data-align=\"center\">9,9\/1,2<\/td><\/tr><tr><td>5G3<\/td><td class=\"has-text-align-center\" data-align=\"center\">2000,- K\u010d<\/td><td class=\"has-text-align-center\" data-align=\"center\">450,- K\u010d<\/td><td class=\"has-text-align-center\" data-align=\"center\">40\/5<\/td><td class=\"has-text-align-center\" data-align=\"center\">24\/3<\/td><td class=\"has-text-align-center\" data-align=\"center\">12\/1,5<\/td><\/tr><tr><td>5G4<\/td><td class=\"has-text-align-center\" data-align=\"center\">2000,- K\u010d<\/td><td class=\"has-text-align-center\" data-align=\"center\">550,- K\u010d<\/td><td class=\"has-text-align-center\" data-align=\"center\">45\/6<\/td><td class=\"has-text-align-center\" data-align=\"center\">27\/3,6<\/td><td class=\"has-text-align-center\" data-align=\"center\">13,5\/1,8<\/td><\/tr><tr><td>5G5<\/td><td class=\"has-text-align-center\" data-align=\"center\">2000,- K\u010d<\/td><td class=\"has-text-align-center\" data-align=\"center\">700,- K\u010d<\/td><td class=\"has-text-align-center\" data-align=\"center\">55\/8<\/td><td class=\"has-text-align-center\" data-align=\"center\">33\/4,8<\/td><td class=\"has-text-align-center\" data-align=\"center\">16,5\/2,4<\/td><\/tr><\/tbody><\/table><figcaption><span class=\"has-inline-color has-quaternary-color\">Tyto tarify jsou dostupn\u00e9 pro obce V\u0161emina, De\u0161n\u00e1, Podkopn\u00e1 Lhota po fyzick\u00e9m ov\u011b\u0159en\u00ed na m\u00edst\u011b p\u0159\u00edpojky.<\/span><\/figcaption><\/figure>\n\n\n\n<p><\/p>\n\n\n\n<p>Popis slu\u017eby:<\/p>\n\n\n\n<p>\u2022 Trval\u00e9 p\u0159ipojen\u00ed k Internetu v pevn\u00e9m m\u00edst\u011b bez \u010dasov\u00fdch omezen\u00ed.<br>\u2022 Objem p\u0159en\u00e1\u0161en\u00fdch dat nen\u00ed zpoplat\u0148ov\u00e1n.<br>\u2022 Datov\u00e1 trasa je zakon\u010dena ethernet rozhran\u00edm s jednou statickou ve\u0159ejnou IP adresou, kter\u00e1 je zahrnuta v cen\u011b p\u0159ipojen\u00ed.<br>\u2022 Za p\u0159\u00edplatek je mo\u017en\u00e9 p\u0159i\u0159adit dal\u0161\u00ed IP adresy.<br>\u2022 Tok dat m\u016f\u017ee b\u00fdt \u0159\u00edzen, nap\u0159. p\u0159i p\u0159et\u00ed\u017een\u00ed s\u00edt\u011b.<br>\u2022 M\u011bs\u00ed\u010dn\u00ed poplatek je \u00fa\u010dtov\u00e1n \u010dtvrtletn\u011b.<\/p>\n\n\n\n<p><strong>V p\u0159\u00edpad\u011b velk\u00e9 trvaj\u00edc\u00ed odchylky a velk\u00e9 opakuj\u00edc\u00ed se odchylky m\u016f\u017ee spot\u0159ebitel slu\u017ebu reklamovat do 2 m\u011bs\u00edc\u016f od vzniku odchylky.<\/strong><\/p>\n\n\n\n<p>Specifikace slu\u017eby p\u0159\u00edstupu k internetu v pevn\u00e9m m\u00edst\u011b je stanovena na z\u00e1klad\u011b V\u0161eobecn\u00e9ho opr\u00e1vn\u011bn\u00ed \u010d. VO-S\/1\/08.2020-9 vydan\u00e9ho \u010cesk\u00fdm telekomunika\u010dn\u00edm \u00fa\u0159adem. Rychlost je vyj\u00e1d\u0159ena v Mbit\/s: download (stahov\u00e1n\u00ed k u\u017eivateli) \/ upload (vkl\u00e1d\u00e1n\u00ed\/odes\u00edl\u00e1n\u00ed od u\u017eivatele) pro p\u0159enos ethernetov\u00fdch r\u00e1mc\u016f (L2) na vnit\u0159n\u00ed s\u00edti poskytovatele.<br>Za <strong>velkou trvaj\u00edc\u00ed odchylku <\/strong>od b\u011b\u017en\u011b dostupn\u00e9 rychlosti stahov\u00e1n\u00ed (download) nebo vkl\u00e1d\u00e1n\u00ed (upload) dat se pova\u017euje takov\u00e1 odchylka, kter\u00e1 vytv\u00e1\u0159\u00ed souvisl\u00fd pokles v\u00fdkonu slu\u017eby p\u0159\u00edstupu k internetu, tj. pokles skute\u010dn\u011b dosahovan\u00e9 rychlosti odpov\u00eddaj\u00edc\u00ed m\u011b\u0159en\u00edm stanoven\u00e9 TCP propustnosti pod definovanou hodnotu b\u011b\u017en\u011b dostupn\u00e9 rychlosti v intervalu del\u0161\u00edm ne\u017e 70 minut.<br>Za <strong>velkou opakuj\u00edc\u00ed se odchylku <\/strong>od b\u011b\u017en\u011b dostupn\u00e9 rychlosti stahov\u00e1n\u00ed (download) nebo vkl\u00e1d\u00e1n\u00ed (upload) dat se pova\u017euje takov\u00e1 odchylka, p\u0159i kter\u00e9 dojde alespo\u0148 ke t\u0159em pokles\u016fm skute\u010dn\u011b dosahovan\u00e9 rychlosti odpov\u00eddaj\u00edc\u00ed m\u011b\u0159en\u00edm stanoven\u00e9 TCP propustnosti pod definovanou hodnotu b\u011b\u017en\u011b dostupn\u00e9 rychlosti v intervalu del\u0161\u00edm nebo rovno 3,5 minut\u00e1m v \u010dasov\u00e9m \u00faseku 90 minut.<br><\/p>\n\n\n\n<p><strong>Aktivace<\/strong> je pau\u0161\u00e1ln\u00ed pod\u00edl na n\u00e1kladech a investic\u00edch vynalo\u017een\u00fdch poskytovatelem do s\u00edt\u011b elektronick\u00fdch komunikac\u00ed nutn\u00fdch k p\u0159ipojen\u00ed \u00fa\u010dastn\u00edka a ochrany s\u00edt\u011b elektronick\u00fdch komunikac\u00ed. V p\u0159\u00edpad\u011b podpisu smlouvy na dobu dvou let nen\u00ed tento poplatek z\u00e1kazn\u00edkovi \u00fa\u010dtov\u00e1n. Smlouva uzav\u0159en\u00e1 na dobu ur\u010ditou p\u0159ech\u00e1z\u00ed po uplynut\u00ed jej\u00edho trvan\u00ed automaticky na dobu neur\u010ditou.<\/p>\n","protected":false},"excerpt":{"rendered":"<p>Cen\u00edk Aktu\u00e1ln\u00ed cen\u00edk pevn\u00e9ho bezdr\u00e1tov\u00e9ho p\u0159ipojen\u00ed k internetu platn\u00fd od 1.1.2021: Tarif Aktivace Mes\u00ed\u010dn\u00ed poplatek Rychlostmaxim\u00e1ln\u00ed a inzerovan\u00e1stahov\u00e1n\u00ed\/odes\u00edl\u00e1n\u00edMbit\/s Rychlostb\u011b\u017en\u011b dostupn\u00e1stahov\u00e1n\u00ed\/odes\u00edl\u00e1n\u00edMbit\/s&hellip;<\/p>\n","protected":false},"author":1,"featured_media":0,"parent":0,"menu_order":0,"comment_status":"closed","ping_status":"closed","template":"","meta":[],"_links":{"self":[{"href":"http:\/\/vsemnet.cz\/index.php\/wp-json\/wp\/v2\/pages\/42"}],"collection":[{"href":"http:\/\/vsemnet.cz\/index.php\/wp-json\/wp\/v2\/pages"}],"about":[{"href":"http:\/\/vsemnet.cz\/index.php\/wp-json\/wp\/v2\/types\/page"}],"author":[{"embeddable":true,"href":"http:\/\/vsemnet.cz\/index.php\/wp-json\/wp\/v2\/users\/1"}],"replies":[{"embeddable":true,"href":"http:\/\/vsemnet.cz\/index.php\/wp-json\/wp\/v2\/comments?post=42"}],"version-history":[{"count":22,"href":"http:\/\/vsemnet.cz\/index.php\/wp-json\/wp\/v2\/pages\/42\/revisions"}],"predecessor-version":[{"id":162,"href":"http:\/\/vsemnet.cz\/index.php\/wp-json\/wp\/v2\/pages\/42\/revisions\/162"}],"wp:attachment":[{"href":"http:\/\/vsemnet.cz\/index.php\/wp-json\/wp\/v2\/media?parent=42"}],"curies":[{"name":"wp","href":"https:\/\/api.w.org\/{rel}","templated":true}]}}